{"id":257,"date":"2023-12-22T16:06:25","date_gmt":"2023-12-22T21:06:25","guid":{"rendered":"https:\/\/coffeefor.org\/?page_id=257"},"modified":"2024-03-22T16:07:46","modified_gmt":"2024-03-22T21:07:46","slug":"informacion-adicional","status":"publish","type":"page","link":"https:\/\/coffeefor.org\/es\/informacion-adicional\/","title":{"rendered":"Informaci\u00f3n Adicional"},"content":{"rendered":"\t\t<div data-elementor-type=\"wp-page\" data-elementor-id=\"257\" class=\"elementor elementor-257\" data-elementor-post-type=\"page\">\n\t\t\t\t<div class=\"elementor-element elementor-element-421d80c e-con-full e-flex e-con e-parent\" data-id=\"421d80c\" data-element_type=\"container\" data-e-type=\"container\" data-settings=\"{&quot;background_background&quot;:&quot;slideshow&quot;,&quot;background_slideshow_gallery&quot;:[{&quot;id&quot;:714,&quot;url&quot;:&quot;https:\\\/\\\/coffeefor.org\\\/wp-content\\\/uploads\\\/2024\\\/01\\\/Mesa-de-trabajo-1-1.png&quot;}],&quot;background_slideshow_loop&quot;:&quot;yes&quot;,&quot;background_slideshow_slide_duration&quot;:5000,&quot;background_slideshow_slide_transition&quot;:&quot;fade&quot;,&quot;background_slideshow_transition_duration&quot;:500}\">\n\t\t\t\t<div class=\"elementor-element elementor-element-e57c954 elementor-widget elementor-widget-heading\" data-id=\"e57c954\" data-element_type=\"widget\" data-e-type=\"widget\" data-widget_type=\"heading.default\">\n\t\t\t\t<div class=\"elementor-widget-container\">\n\t\t\t\t\t<h1 class=\"elementor-heading-title elementor-size-default\">Informaci\u00f3n Adicional<\/h1>\t\t\t\t<\/div>\n\t\t\t\t<\/div>\n\t\t\t\t<\/div>\n\t\t<div class=\"elementor-element elementor-element-fc1b269 e-flex e-con-boxed e-con e-parent\" data-id=\"fc1b269\" data-element_type=\"container\" data-e-type=\"container\">\n\t\t\t\t\t<div class=\"e-con-inner\">\n\t\t\t\t<div class=\"elementor-element elementor-element-e91d9f3 elementor-widget-divider--view-line elementor-widget elementor-widget-divider\" data-id=\"e91d9f3\" data-element_type=\"widget\" data-e-type=\"widget\" data-widget_type=\"divider.default\">\n\t\t\t\t<div class=\"elementor-widget-container\">\n\t\t\t\t\t\t\t<div class=\"elementor-divider\">\n\t\t\t<span class=\"elementor-divider-separator\">\n\t\t\t\t\t\t<\/span>\n\t\t<\/div>\n\t\t\t\t\t\t<\/div>\n\t\t\t\t<\/div>\n\t\t\t\t\t<\/div>\n\t\t\t\t<\/div>\n\t\t<div class=\"elementor-element elementor-element-f77f870 e-flex e-con-boxed e-con e-parent\" data-id=\"f77f870\" data-element_type=\"container\" data-e-type=\"container\">\n\t\t\t\t\t<div class=\"e-con-inner\">\n\t\t\t\t\t<\/div>\n\t\t\t\t<\/div>\n\t\t<div class=\"elementor-element elementor-element-cce5831 elementor-hidden-tablet elementor-hidden-mobile e-flex e-con-boxed e-con e-parent\" data-id=\"cce5831\" data-element_type=\"container\" data-e-type=\"container\">\n\t\t\t\t\t<div class=\"e-con-inner\">\n\t\t\t\t<div class=\"elementor-element elementor-element-0af29ed elementor-posts--align-left elementor-posts--thumbnail-left elementor-grid-3 elementor-grid-tablet-2 elementor-grid-mobile-1 elementor-widget elementor-widget-posts\" data-id=\"0af29ed\" data-element_type=\"widget\" data-e-type=\"widget\" data-settings=\"{&quot;pagination_type&quot;:&quot;prev_next&quot;,&quot;classic_row_gap_mobile&quot;:{&quot;unit&quot;:&quot;px&quot;,&quot;size&quot;:45,&quot;sizes&quot;:[]},&quot;classic_row_gap&quot;:{&quot;unit&quot;:&quot;px&quot;,&quot;size&quot;:4,&quot;sizes&quot;:[]},&quot;classic_columns&quot;:&quot;3&quot;,&quot;classic_columns_tablet&quot;:&quot;2&quot;,&quot;classic_columns_mobile&quot;:&quot;1&quot;,&quot;classic_row_gap_tablet&quot;:{&quot;unit&quot;:&quot;px&quot;,&quot;size&quot;:&quot;&quot;,&quot;sizes&quot;:[]}}\" data-widget_type=\"posts.classic\">\n\t\t\t\t<div class=\"elementor-widget-container\">\n\t\t\t\t\t\t\t<div class=\"elementor-posts-container elementor-posts elementor-posts--skin-classic elementor-grid\">\n\t\t\t\t<article class=\"elementor-post elementor-grid-item post-2448 post type-post status-publish format-standard has-post-thumbnail hentry category-sin-categoria-es\">\n\t\t\t\t<a class=\"elementor-post__thumbnail__link\" href=\"https:\/\/coffeefor.org\/es\/preparacion\/\" tabindex=\"-1\" >\n\t\t\t<div class=\"elementor-post__thumbnail\"><img decoding=\"async\" width=\"150\" height=\"150\" src=\"https:\/\/coffeefor.org\/wp-content\/uploads\/2024\/02\/Mesa-de-trabajo-3@2x-150x150.png\" class=\"attachment-thumbnail size-thumbnail wp-image-1432\" alt=\"\" srcset=\"https:\/\/coffeefor.org\/wp-content\/uploads\/2024\/02\/Mesa-de-trabajo-3@2x-150x150.png 150w, https:\/\/coffeefor.org\/wp-content\/uploads\/2024\/02\/Mesa-de-trabajo-3@2x-300x300.png 300w, https:\/\/coffeefor.org\/wp-content\/uploads\/2024\/02\/Mesa-de-trabajo-3@2x-768x767.png 768w, https:\/\/coffeefor.org\/wp-content\/uploads\/2024\/02\/Mesa-de-trabajo-3@2x-600x599.png 600w, https:\/\/coffeefor.org\/wp-content\/uploads\/2024\/02\/Mesa-de-trabajo-3@2x-100x100.png 100w, https:\/\/coffeefor.org\/wp-content\/uploads\/2024\/02\/Mesa-de-trabajo-3@2x.png 852w\" sizes=\"(max-width: 150px) 100vw, 150px\" \/><\/div>\n\t\t<\/a>\n\t\t\t\t<div class=\"elementor-post__text\">\n\t\t\t\t<h3 class=\"elementor-post__title\">\n\t\t\t<a href=\"https:\/\/coffeefor.org\/es\/preparacion\/\" >\n\t\t\t\tPreparaci\u00f3n\t\t\t<\/a>\n\t\t<\/h3>\n\t\t\t\t<div class=\"elementor-post__excerpt\">\n\t\t\t<p>Informaci\u00f3n Adicional Preparaci\u00f3n Utilice cualquier m\u00e9todo de preparaci\u00f3n para servir una deliciosa taza de COFFEE FOR\u2026 Agregar una cucharada de COFFEE FOR\u2026 (7 g) por<\/p>\n\t\t<\/div>\n\t\t\n\t\t<a class=\"elementor-post__read-more\" href=\"https:\/\/coffeefor.org\/es\/preparacion\/\" aria-label=\"Read more about Preparaci\u00f3n\" tabindex=\"-1\" >\n\t\t\tLeer m\u00e1s \u00bb\t\t<\/a>\n\n\t\t\t\t<\/div>\n\t\t\t\t<\/article>\n\t\t\t\t<article class=\"elementor-post elementor-grid-item post-2443 post type-post status-publish format-standard has-post-thumbnail hentry category-sin-categoria-es\">\n\t\t\t\t<a class=\"elementor-post__thumbnail__link\" href=\"https:\/\/coffeefor.org\/es\/conservacion\/\" tabindex=\"-1\" >\n\t\t\t<div class=\"elementor-post__thumbnail\"><img decoding=\"async\" width=\"150\" height=\"150\" src=\"https:\/\/coffeefor.org\/wp-content\/uploads\/2024\/02\/Mesa-de-trabajo-4@2x-150x150.png\" class=\"attachment-thumbnail size-thumbnail wp-image-1442\" alt=\"\" srcset=\"https:\/\/coffeefor.org\/wp-content\/uploads\/2024\/02\/Mesa-de-trabajo-4@2x-150x150.png 150w, https:\/\/coffeefor.org\/wp-content\/uploads\/2024\/02\/Mesa-de-trabajo-4@2x-300x300.png 300w, https:\/\/coffeefor.org\/wp-content\/uploads\/2024\/02\/Mesa-de-trabajo-4@2x-768x768.png 768w, https:\/\/coffeefor.org\/wp-content\/uploads\/2024\/02\/Mesa-de-trabajo-4@2x-600x600.png 600w, https:\/\/coffeefor.org\/wp-content\/uploads\/2024\/02\/Mesa-de-trabajo-4@2x-100x100.png 100w, https:\/\/coffeefor.org\/wp-content\/uploads\/2024\/02\/Mesa-de-trabajo-4@2x.png 851w\" sizes=\"(max-width: 150px) 100vw, 150px\" \/><\/div>\n\t\t<\/a>\n\t\t\t\t<div class=\"elementor-post__text\">\n\t\t\t\t<h3 class=\"elementor-post__title\">\n\t\t\t<a href=\"https:\/\/coffeefor.org\/es\/conservacion\/\" >\n\t\t\t\tConservaci\u00f3n\t\t\t<\/a>\n\t\t<\/h3>\n\t\t\t\t<div class=\"elementor-post__excerpt\">\n\t\t\t<p>Informaci\u00f3n Adicional Conservaci\u00f3n Una vez que se abra esta bolsa de COFFEE FOR, gu\u00e1rdela herm\u00e9ticamente en un lugar fresco y seco, alejado de la luz<\/p>\n\t\t<\/div>\n\t\t\n\t\t<a class=\"elementor-post__read-more\" href=\"https:\/\/coffeefor.org\/es\/conservacion\/\" aria-label=\"Read more about Conservaci\u00f3n\" tabindex=\"-1\" >\n\t\t\tLeer m\u00e1s \u00bb\t\t<\/a>\n\n\t\t\t\t<\/div>\n\t\t\t\t<\/article>\n\t\t\t\t<\/div>\n\t\t\n\t\t\t\t\t\t<\/div>\n\t\t\t\t<\/div>\n\t\t\t\t\t<\/div>\n\t\t\t\t<\/div>\n\t\t<div class=\"elementor-element elementor-element-f890050 e-con-full e-flex e-con e-parent\" data-id=\"f890050\" data-element_type=\"container\" data-e-type=\"container\" data-settings=\"{&quot;position&quot;:&quot;fixed&quot;}\">\n\t\t\t\t<div class=\"elementor-element elementor-element-e8ec5ac elementor-align-right elementor-widget elementor-widget-button\" data-id=\"e8ec5ac\" data-element_type=\"widget\" data-e-type=\"widget\" data-widget_type=\"button.default\">\n\t\t\t\t<div class=\"elementor-widget-container\">\n\t\t\t\t\t\t\t\t\t<div class=\"elementor-button-wrapper\">\n\t\t\t\t\t<a class=\"elementor-button elementor-button-link elementor-size-sm\" href=\"\/inicio\">\n\t\t\t\t\t\t<span class=\"elementor-button-content-wrapper\">\n\t\t\t\t\t\t\t\t\t<span class=\"elementor-button-text\">Atr\u00e1s<\/span>\n\t\t\t\t\t<\/span>\n\t\t\t\t\t<\/a>\n\t\t\t\t<\/div>\n\t\t\t\t\t\t\t\t<\/div>\n\t\t\t\t<\/div>\n\t\t\t\t<\/div>\n\t\t<div class=\"elementor-element elementor-element-7faf27b elementor-hidden-desktop e-flex e-con-boxed e-con e-parent\" data-id=\"7faf27b\" data-element_type=\"container\" data-e-type=\"container\">\n\t\t\t\t\t<div class=\"e-con-inner\">\n\t\t\t\t<div class=\"elementor-element elementor-element-c23ee29 elementor-posts--align-center elementor-hidden-desktop elementor-grid-3 elementor-grid-tablet-2 elementor-grid-mobile-1 elementor-posts--thumbnail-top elementor-widget elementor-widget-posts\" data-id=\"c23ee29\" data-element_type=\"widget\" data-e-type=\"widget\" data-settings=\"{&quot;pagination_type&quot;:&quot;prev_next&quot;,&quot;classic_row_gap_mobile&quot;:{&quot;unit&quot;:&quot;px&quot;,&quot;size&quot;:75,&quot;sizes&quot;:[]},&quot;classic_columns&quot;:&quot;3&quot;,&quot;classic_columns_tablet&quot;:&quot;2&quot;,&quot;classic_columns_mobile&quot;:&quot;1&quot;,&quot;classic_row_gap&quot;:{&quot;unit&quot;:&quot;px&quot;,&quot;size&quot;:35,&quot;sizes&quot;:[]},&quot;classic_row_gap_tablet&quot;:{&quot;unit&quot;:&quot;px&quot;,&quot;size&quot;:&quot;&quot;,&quot;sizes&quot;:[]}}\" data-widget_type=\"posts.classic\">\n\t\t\t\t<div class=\"elementor-widget-container\">\n\t\t\t\t\t\t\t<div class=\"elementor-posts-container elementor-posts elementor-posts--skin-classic elementor-grid\">\n\t\t\t\t<article class=\"elementor-post elementor-grid-item post-2448 post type-post status-publish format-standard has-post-thumbnail hentry category-sin-categoria-es\">\n\t\t\t\t<a class=\"elementor-post__thumbnail__link\" href=\"https:\/\/coffeefor.org\/es\/preparacion\/\" tabindex=\"-1\" >\n\t\t\t<div class=\"elementor-post__thumbnail\"><img decoding=\"async\" width=\"150\" height=\"150\" src=\"https:\/\/coffeefor.org\/wp-content\/uploads\/2024\/02\/Mesa-de-trabajo-3@2x-150x150.png\" class=\"attachment-thumbnail size-thumbnail wp-image-1432\" alt=\"\" srcset=\"https:\/\/coffeefor.org\/wp-content\/uploads\/2024\/02\/Mesa-de-trabajo-3@2x-150x150.png 150w, https:\/\/coffeefor.org\/wp-content\/uploads\/2024\/02\/Mesa-de-trabajo-3@2x-300x300.png 300w, https:\/\/coffeefor.org\/wp-content\/uploads\/2024\/02\/Mesa-de-trabajo-3@2x-768x767.png 768w, https:\/\/coffeefor.org\/wp-content\/uploads\/2024\/02\/Mesa-de-trabajo-3@2x-600x599.png 600w, https:\/\/coffeefor.org\/wp-content\/uploads\/2024\/02\/Mesa-de-trabajo-3@2x-100x100.png 100w, https:\/\/coffeefor.org\/wp-content\/uploads\/2024\/02\/Mesa-de-trabajo-3@2x.png 852w\" sizes=\"(max-width: 150px) 100vw, 150px\" \/><\/div>\n\t\t<\/a>\n\t\t\t\t<div class=\"elementor-post__text\">\n\t\t\t\t<h3 class=\"elementor-post__title\">\n\t\t\t<a href=\"https:\/\/coffeefor.org\/es\/preparacion\/\" >\n\t\t\t\tPreparaci\u00f3n\t\t\t<\/a>\n\t\t<\/h3>\n\t\t\t\t<div class=\"elementor-post__excerpt\">\n\t\t\t<p>Informaci\u00f3n Adicional Preparaci\u00f3n Utilice cualquier m\u00e9todo de preparaci\u00f3n para servir una deliciosa taza de COFFEE FOR\u2026 Agregar una cucharada de COFFEE FOR\u2026 (7 g) por<\/p>\n\t\t<\/div>\n\t\t\t\t\t<div class=\"elementor-post__read-more-wrapper\">\n\t\t\n\t\t<a class=\"elementor-post__read-more\" href=\"https:\/\/coffeefor.org\/es\/preparacion\/\" aria-label=\"Read more about Preparaci\u00f3n\" tabindex=\"-1\" >\n\t\t\tLeer m\u00e1s \u00bb\t\t<\/a>\n\n\t\t\t\t\t<\/div>\n\t\t\t\t<\/div>\n\t\t\t\t<\/article>\n\t\t\t\t<article class=\"elementor-post elementor-grid-item post-2443 post type-post status-publish format-standard has-post-thumbnail hentry category-sin-categoria-es\">\n\t\t\t\t<a class=\"elementor-post__thumbnail__link\" href=\"https:\/\/coffeefor.org\/es\/conservacion\/\" tabindex=\"-1\" >\n\t\t\t<div class=\"elementor-post__thumbnail\"><img decoding=\"async\" width=\"150\" height=\"150\" src=\"https:\/\/coffeefor.org\/wp-content\/uploads\/2024\/02\/Mesa-de-trabajo-4@2x-150x150.png\" class=\"attachment-thumbnail size-thumbnail wp-image-1442\" alt=\"\" srcset=\"https:\/\/coffeefor.org\/wp-content\/uploads\/2024\/02\/Mesa-de-trabajo-4@2x-150x150.png 150w, https:\/\/coffeefor.org\/wp-content\/uploads\/2024\/02\/Mesa-de-trabajo-4@2x-300x300.png 300w, https:\/\/coffeefor.org\/wp-content\/uploads\/2024\/02\/Mesa-de-trabajo-4@2x-768x768.png 768w, https:\/\/coffeefor.org\/wp-content\/uploads\/2024\/02\/Mesa-de-trabajo-4@2x-600x600.png 600w, https:\/\/coffeefor.org\/wp-content\/uploads\/2024\/02\/Mesa-de-trabajo-4@2x-100x100.png 100w, https:\/\/coffeefor.org\/wp-content\/uploads\/2024\/02\/Mesa-de-trabajo-4@2x.png 851w\" sizes=\"(max-width: 150px) 100vw, 150px\" \/><\/div>\n\t\t<\/a>\n\t\t\t\t<div class=\"elementor-post__text\">\n\t\t\t\t<h3 class=\"elementor-post__title\">\n\t\t\t<a href=\"https:\/\/coffeefor.org\/es\/conservacion\/\" >\n\t\t\t\tConservaci\u00f3n\t\t\t<\/a>\n\t\t<\/h3>\n\t\t\t\t<div class=\"elementor-post__excerpt\">\n\t\t\t<p>Informaci\u00f3n Adicional Conservaci\u00f3n Una vez que se abra esta bolsa de COFFEE FOR, gu\u00e1rdela herm\u00e9ticamente en un lugar fresco y seco, alejado de la luz<\/p>\n\t\t<\/div>\n\t\t\t\t\t<div class=\"elementor-post__read-more-wrapper\">\n\t\t\n\t\t<a class=\"elementor-post__read-more\" href=\"https:\/\/coffeefor.org\/es\/conservacion\/\" aria-label=\"Read more about Conservaci\u00f3n\" tabindex=\"-1\" >\n\t\t\tLeer m\u00e1s \u00bb\t\t<\/a>\n\n\t\t\t\t\t<\/div>\n\t\t\t\t<\/div>\n\t\t\t\t<\/article>\n\t\t\t\t<\/div>\n\t\t\n\t\t\t\t\t\t<\/div>\n\t\t\t\t<\/div>\n\t\t\t\t\t<\/div>\n\t\t\t\t<\/div>\n\t\t<div class=\"elementor-element elementor-element-0dc50a1 e-flex e-con-boxed e-con e-parent\" data-id=\"0dc50a1\" data-element_type=\"container\" data-e-type=\"container\">\n\t\t\t\t\t<div class=\"e-con-inner\">\n\t\t\t\t<div class=\"elementor-element elementor-element-2b56ea5 elementor-widget-divider--view-line elementor-widget elementor-widget-divider\" data-id=\"2b56ea5\" data-element_type=\"widget\" data-e-type=\"widget\" data-widget_type=\"divider.default\">\n\t\t\t\t<div class=\"elementor-widget-container\">\n\t\t\t\t\t\t\t<div class=\"elementor-divider\">\n\t\t\t<span class=\"elementor-divider-separator\">\n\t\t\t\t\t\t<\/span>\n\t\t<\/div>\n\t\t\t\t\t\t<\/div>\n\t\t\t\t<\/div>\n\t\t\t\t\t<\/div>\n\t\t\t\t<\/div>\n\t\t\t\t<\/div>\n\t\t","protected":false},"excerpt":{"rendered":"<p>Informaci\u00f3n Adicional Atr\u00e1s<\/p>","protected":false},"author":1,"featured_media":0,"parent":0,"menu_order":0,"comment_status":"closed","ping_status":"closed","template":"","meta":{"footnotes":""},"class_list":["post-257","page","type-page","status-publish","hentry"],"_links":{"self":[{"href":"https:\/\/coffeefor.org\/es\/wp-json\/wp\/v2\/pages\/257","targetHints":{"allow":["GET"]}}],"collection":[{"href":"https:\/\/coffeefor.org\/es\/wp-json\/wp\/v2\/pages"}],"about":[{"href":"https:\/\/coffeefor.org\/es\/wp-json\/wp\/v2\/types\/page"}],"author":[{"embeddable":true,"href":"https:\/\/coffeefor.org\/es\/wp-json\/wp\/v2\/users\/1"}],"replies":[{"embeddable":true,"href":"https:\/\/coffeefor.org\/es\/wp-json\/wp\/v2\/comments?post=257"}],"version-history":[{"count":63,"href":"https:\/\/coffeefor.org\/es\/wp-json\/wp\/v2\/pages\/257\/revisions"}],"predecessor-version":[{"id":3586,"href":"https:\/\/coffeefor.org\/es\/wp-json\/wp\/v2\/pages\/257\/revisions\/3586"}],"wp:attachment":[{"href":"https:\/\/coffeefor.org\/es\/wp-json\/wp\/v2\/media?parent=257"}],"curies":[{"name":"wp","href":"https:\/\/api.w.org\/{rel}","templated":true}]}}