{"id":250,"date":"2023-12-22T16:04:56","date_gmt":"2023-12-22T21:04:56","guid":{"rendered":"https:\/\/coffeefor.org\/?page_id=250"},"modified":"2024-02-10T16:13:33","modified_gmt":"2024-02-10T21:13:33","slug":"nosotros","status":"publish","type":"page","link":"https:\/\/coffeefor.org\/es\/nosotros\/","title":{"rendered":"Nosotros"},"content":{"rendered":"\t\t<div data-elementor-type=\"wp-page\" data-elementor-id=\"250\" class=\"elementor elementor-250\" data-elementor-post-type=\"page\">\n\t\t\t\t<div class=\"elementor-element elementor-element-c94dfb0 e-con-full e-flex e-con e-parent\" data-id=\"c94dfb0\" data-element_type=\"container\" data-e-type=\"container\" data-settings=\"{&quot;background_background&quot;:&quot;slideshow&quot;,&quot;background_slideshow_gallery&quot;:[{&quot;id&quot;:714,&quot;url&quot;:&quot;https:\\\/\\\/coffeefor.org\\\/wp-content\\\/uploads\\\/2024\\\/01\\\/Mesa-de-trabajo-1-1.png&quot;}],&quot;background_slideshow_loop&quot;:&quot;yes&quot;,&quot;background_slideshow_slide_duration&quot;:5000,&quot;background_slideshow_slide_transition&quot;:&quot;fade&quot;,&quot;background_slideshow_transition_duration&quot;:500}\">\n\t\t\t\t<div class=\"elementor-element elementor-element-332b4be elementor-widget elementor-widget-heading\" data-id=\"332b4be\" data-element_type=\"widget\" data-e-type=\"widget\" data-widget_type=\"heading.default\">\n\t\t\t\t<div class=\"elementor-widget-container\">\n\t\t\t\t\t<h1 class=\"elementor-heading-title elementor-size-default\">Nosotros<\/h1>\t\t\t\t<\/div>\n\t\t\t\t<\/div>\n\t\t\t\t<\/div>\n\t\t<div class=\"elementor-element elementor-element-7a985bf e-flex e-con-boxed e-con e-parent\" data-id=\"7a985bf\" data-element_type=\"container\" data-e-type=\"container\">\n\t\t\t\t\t<div class=\"e-con-inner\">\n\t\t\t\t<div class=\"elementor-element elementor-element-c5611d5 elementor-widget-divider--view-line elementor-widget elementor-widget-divider\" data-id=\"c5611d5\" data-element_type=\"widget\" data-e-type=\"widget\" data-widget_type=\"divider.default\">\n\t\t\t\t<div class=\"elementor-widget-container\">\n\t\t\t\t\t\t\t<div class=\"elementor-divider\">\n\t\t\t<span class=\"elementor-divider-separator\">\n\t\t\t\t\t\t<\/span>\n\t\t<\/div>\n\t\t\t\t\t\t<\/div>\n\t\t\t\t<\/div>\n\t\t\t\t\t<\/div>\n\t\t\t\t<\/div>\n\t\t<div class=\"elementor-element elementor-element-27a9c0b e-flex e-con-boxed e-con e-parent\" data-id=\"27a9c0b\" data-element_type=\"container\" data-e-type=\"container\">\n\t\t\t\t\t<div class=\"e-con-inner\">\n\t\t<div class=\"elementor-element elementor-element-ab077da e-flex e-con-boxed e-con e-child\" data-id=\"ab077da\" data-element_type=\"container\" data-e-type=\"container\">\n\t\t\t\t\t<div class=\"e-con-inner\">\n\t\t\t\t<div class=\"elementor-element elementor-element-31ae818 elementor-widget elementor-widget-text-editor\" data-id=\"31ae818\" data-element_type=\"widget\" data-e-type=\"widget\" data-widget_type=\"text-editor.default\">\n\t\t\t\t<div class=\"elementor-widget-container\">\n\t\t\t\t\t\t\t\t\t<h3>Descripci\u00f3n<\/h3><p style=\"text-align: justify; margin-right: 8%;\">COFFEE FOR\u2026 es un proyecto social que promueve el respeto por las diversas formas de vida, la calidad de vida, el bienestar com\u00fan y el inter\u00e9s social desde una agricultura sostenible y tecnificada con familias campesinas colombianas sin fines de lucro.<\/p><h3>Objeto Social<\/h3><p style=\"text-align: justify; margin-right: 8%;\">COFFEE FOR\u2026. es un proyecto social que tiene como objetivo construir una agricultura sostenible y tecnificada en las familias campesinas colombianas a trav\u00e9s de la implementaci\u00f3n de pr\u00e1cticas de reforestaci\u00f3n, siembra de especies protectoras del agua, diversificaci\u00f3n de cultivos y respeto a las diversas formas de vida para inspirar e irradiar de felicidad y fraternidad a quienes consumen los granos cosechados, tostados y molidos de COFFEE FOR\u2026 en una taza de caf\u00e9.<\/p><h3>Visi\u00f3n<\/h3><p style=\"text-align: justify; margin-right: 8%;\">El prop\u00f3sito de COFFEE FOR\u2026. es apoyar a las familias campesinas colombianas en la construcci\u00f3n de una agricultura tecnificada y sostenible mediante la implementaci\u00f3n de pr\u00e1cticas de reforestaci\u00f3n, siembra de especies protectoras del agua, diversificaci\u00f3n de cultivos y respeto a las diversas formas de vida.<\/p><h3>Misi\u00f3n<\/h3><p style=\"text-align: justify; margin-right: 8%;\">COFFEE FOR\u2026. en la sociedad genera, motiva, aporta y fortalece la interacci\u00f3n entre agricultores, caficultores, productores y consumidores a trav\u00e9s del intercambio de ideas creativas, la difusi\u00f3n, la transferencia y la apropiaci\u00f3n social de conocimientos con la finalidad de construir una agricultura sostenible\u00a0y\u00a0tecnificada.<\/p>\t\t\t\t\t\t\t\t<\/div>\n\t\t\t\t<\/div>\n\t\t\t\t\t<\/div>\n\t\t\t\t<\/div>\n\t\t\t\t\t<\/div>\n\t\t\t\t<\/div>\n\t\t<div class=\"elementor-element elementor-element-0b47871 e-con-full e-flex e-con e-parent\" data-id=\"0b47871\" data-element_type=\"container\" data-e-type=\"container\" data-settings=\"{&quot;position&quot;:&quot;fixed&quot;}\">\n\t\t\t\t<div class=\"elementor-element elementor-element-b82de38 elementor-align-right elementor-widget elementor-widget-button\" data-id=\"b82de38\" data-element_type=\"widget\" data-e-type=\"widget\" data-widget_type=\"button.default\">\n\t\t\t\t<div class=\"elementor-widget-container\">\n\t\t\t\t\t\t\t\t\t<div class=\"elementor-button-wrapper\">\n\t\t\t\t\t<a class=\"elementor-button elementor-button-link elementor-size-sm\" href=\"\/inicio\">\n\t\t\t\t\t\t<span class=\"elementor-button-content-wrapper\">\n\t\t\t\t\t\t\t\t\t<span class=\"elementor-button-text\">Atr\u00e1s<\/span>\n\t\t\t\t\t<\/span>\n\t\t\t\t\t<\/a>\n\t\t\t\t<\/div>\n\t\t\t\t\t\t\t\t<\/div>\n\t\t\t\t<\/div>\n\t\t\t\t<\/div>\n\t\t\t\t<\/div>\n\t\t","protected":false},"excerpt":{"rendered":"<p>Nosotros Descripci\u00f3n COFFEE FOR\u2026 es un proyecto social que promueve el respeto por las diversas formas de vida, la calidad de vida, el bienestar com\u00fan y el inter\u00e9s social desde una agricultura sostenible y tecnificada con familias campesinas colombianas sin fines de lucro. Objeto Social COFFEE FOR\u2026. es un proyecto social que tiene como objetivo [&hellip;]<\/p>\n","protected":false},"author":1,"featured_media":0,"parent":0,"menu_order":0,"comment_status":"closed","ping_status":"closed","template":"","meta":{"footnotes":""},"class_list":["post-250","page","type-page","status-publish","hentry"],"_links":{"self":[{"href":"https:\/\/coffeefor.org\/es\/wp-json\/wp\/v2\/pages\/250","targetHints":{"allow":["GET"]}}],"collection":[{"href":"https:\/\/coffeefor.org\/es\/wp-json\/wp\/v2\/pages"}],"about":[{"href":"https:\/\/coffeefor.org\/es\/wp-json\/wp\/v2\/types\/page"}],"author":[{"embeddable":true,"href":"https:\/\/coffeefor.org\/es\/wp-json\/wp\/v2\/users\/1"}],"replies":[{"embeddable":true,"href":"https:\/\/coffeefor.org\/es\/wp-json\/wp\/v2\/comments?post=250"}],"version-history":[{"count":28,"href":"https:\/\/coffeefor.org\/es\/wp-json\/wp\/v2\/pages\/250\/revisions"}],"predecessor-version":[{"id":2581,"href":"https:\/\/coffeefor.org\/es\/wp-json\/wp\/v2\/pages\/250\/revisions\/2581"}],"wp:attachment":[{"href":"https:\/\/coffeefor.org\/es\/wp-json\/wp\/v2\/media?parent=250"}],"curies":[{"name":"wp","href":"https:\/\/api.w.org\/{rel}","templated":true}]}}